{"id":1853,"date":"2023-06-07T23:46:31","date_gmt":"2023-06-07T23:46:31","guid":{"rendered":"https:\/\/alturavertical.cl\/?page_id=1853"},"modified":"2024-10-29T18:17:21","modified_gmt":"2024-10-29T18:17:21","slug":"reparaciones","status":"publish","type":"page","link":"https:\/\/alturavertical.cl\/index.php\/reparaciones\/","title":{"rendered":"Reparaciones"},"content":{"rendered":"\t\t<div data-elementor-type=\"wp-page\" data-elementor-id=\"1853\" class=\"elementor elementor-1853\">\n\t\t\t\t\t\t<section class=\"elementor-section elementor-top-section elementor-element elementor-element-da52d80 elementor-section-boxed elementor-section-height-default elementor-section-height-default elementor-invisible\" data-id=\"da52d80\" data-element_type=\"section\" data-settings=\"{&quot;background_background&quot;:&quot;classic&quot;,&quot;animation&quot;:&quot;fadeIn&quot;}\">\n\t\t\t\t\t\t\t<div class=\"elementor-background-overlay\"><\/div>\n\t\t\t\t\t\t\t<div class=\"elementor-container elementor-column-gap-default\">\n\t\t\t\t\t<div class=\"elementor-column elementor-col-100 elementor-top-column elementor-element elementor-element-ad6d0af elementor-invisible\" data-id=\"ad6d0af\" data-element_type=\"column\" data-settings=\"{&quot;animation&quot;:&quot;slideInLeft&quot;,&quot;background_background&quot;:&quot;gradient&quot;}\">\n\t\t\t<div class=\"elementor-widget-wrap\">\n\t\t\t\t\t<div class=\"elementor-background-overlay\"><\/div>\n\t\t\t\t\t\t\t<\/div>\n\t\t<\/div>\n\t\t\t\t\t<\/div>\n\t\t<\/section>\n\t\t\t\t<section class=\"elementor-section elementor-top-section elementor-element elementor-element-c661402 elementor-section-boxed elementor-section-height-default elementor-section-height-default\" data-id=\"c661402\" data-element_type=\"section\" data-settings=\"{&quot;background_background&quot;:&quot;classic&quot;}\">\n\t\t\t\t\t\t\t<div class=\"elementor-background-overlay\"><\/div>\n\t\t\t\t\t\t\t<div class=\"elementor-container elementor-column-gap-default\">\n\t\t\t\t\t<div class=\"elementor-column elementor-col-50 elementor-top-column elementor-element elementor-element-7f4d3dd\" data-id=\"7f4d3dd\" data-element_type=\"column\">\n\t\t\t<div class=\"elementor-widget-wrap elementor-element-populated\">\n\t\t\t\t\t\t<div class=\"elementor-element elementor-element-fed3e69 elementor-invisible elementor-widget elementor-widget-video\" data-id=\"fed3e69\" data-element_type=\"widget\" data-settings=\"{&quot;video_type&quot;:&quot;hosted&quot;,&quot;autoplay&quot;:&quot;yes&quot;,&quot;play_on_mobile&quot;:&quot;yes&quot;,&quot;mute&quot;:&quot;yes&quot;,&quot;loop&quot;:&quot;yes&quot;,&quot;_animation&quot;:&quot;slideInLeft&quot;}\" data-widget_type=\"video.default\">\n\t\t\t\t<div class=\"elementor-widget-container\">\n\t\t\t\t\t<div class=\"e-hosted-video elementor-wrapper elementor-open-inline\">\n\t\t\t\t\t<video class=\"elementor-video\" src=\"https:\/\/alturavertical.cl\/wp-content\/uploads\/2023\/06\/VID-20181106-WA0077.mp4\" autoplay=\"\" loop=\"\" muted=\"muted\" playsinline=\"\" controlsList=\"nodownload\"><\/video>\n\t\t\t\t<\/div>\n\t\t\t\t<\/div>\n\t\t\t\t<\/div>\n\t\t\t\t\t<\/div>\n\t\t<\/div>\n\t\t\t\t<div class=\"elementor-column elementor-col-50 elementor-top-column elementor-element elementor-element-6034610 elementor-invisible\" data-id=\"6034610\" data-element_type=\"column\" data-settings=\"{&quot;background_background&quot;:&quot;classic&quot;,&quot;animation&quot;:&quot;slideInRight&quot;}\">\n\t\t\t<div class=\"elementor-widget-wrap elementor-element-populated\">\n\t\t\t\t\t\t<div class=\"elementor-element elementor-element-7c19d5e elementor-widget elementor-widget-heading\" data-id=\"7c19d5e\" data-element_type=\"widget\" data-widget_type=\"heading.default\">\n\t\t\t\t<div class=\"elementor-widget-container\">\n\t\t\t<h4 class=\"elementor-heading-title elementor-size-default\">Servicios<\/h4>\t\t<\/div>\n\t\t\t\t<\/div>\n\t\t\t\t<div class=\"elementor-element elementor-element-f9de805 elementor-widget__width-initial elementor-widget elementor-widget-text-editor\" data-id=\"f9de805\" data-element_type=\"widget\" data-widget_type=\"text-editor.default\">\n\t\t\t\t<div class=\"elementor-widget-container\">\n\t\t\t\t\t\t\t<p>Si su problema es reparar un detalle que supondr\u00eda un enorme costo en arriendo de andamios, ll\u00e1menos y daremos una soluci\u00f3n r\u00e1pida, econ\u00f3mica, profesional y limpia.<br>No importa si es una gran obra o un detalle en su fachada o cubierta. Debido a nuestros sistemas de trabajo podemos trabajar r\u00e1pida y f\u00e1cilmente en resolver<br>cualquier problema de su edificio. Una gotera, humedad, sellado de ventanas, etc.<br>Para nosotros es tan importante una reparaci\u00f3n menor como un trabajo a gran escala.<\/p><p>\u00a1Consulte por su presupuesto sin costo y sin compromiso!<br><\/p>\t\t\t\t\t\t<\/div>\n\t\t\t\t<\/div>\n\t\t\t\t\t<\/div>\n\t\t<\/div>\n\t\t\t\t\t<\/div>\n\t\t<\/section>\n\t\t\t\t<section class=\"elementor-section elementor-top-section elementor-element elementor-element-eef89a0 elementor-section-boxed elementor-section-height-default elementor-section-height-default\" data-id=\"eef89a0\" data-element_type=\"section\">\n\t\t\t\t\t\t<div class=\"elementor-container elementor-column-gap-default\">\n\t\t\t\t\t<div class=\"elementor-column elementor-col-100 elementor-top-column elementor-element elementor-element-d750392\" data-id=\"d750392\" data-element_type=\"column\">\n\t\t\t<div class=\"elementor-widget-wrap elementor-element-populated\">\n\t\t\t\t\t\t<div class=\"elementor-element elementor-element-ce221af elementor-widget elementor-widget-heading\" data-id=\"ce221af\" data-element_type=\"widget\" data-widget_type=\"heading.default\">\n\t\t\t\t<div class=\"elementor-widget-container\">\n\t\t\t<h1 class=\"elementor-heading-title elementor-size-default\">Algunos de nuestros trabajos<\/h1>\t\t<\/div>\n\t\t\t\t<\/div>\n\t\t\t\t\t<\/div>\n\t\t<\/div>\n\t\t\t\t\t<\/div>\n\t\t<\/section>\n\t\t\t\t<section class=\"elementor-section elementor-top-section elementor-element elementor-element-a0ed61a elementor-section-boxed elementor-section-height-default elementor-section-height-default\" data-id=\"a0ed61a\" data-element_type=\"section\">\n\t\t\t\t\t\t<div class=\"elementor-container elementor-column-gap-default\">\n\t\t\t\t\t<div class=\"elementor-column elementor-col-100 elementor-top-column elementor-element elementor-element-435411e\" data-id=\"435411e\" data-element_type=\"column\">\n\t\t\t<div class=\"elementor-widget-wrap elementor-element-populated\">\n\t\t\t\t\t\t<div class=\"elementor-element elementor-element-a95a542 elementor-widget elementor-widget-image-gallery\" data-id=\"a95a542\" data-element_type=\"widget\" data-widget_type=\"image-gallery.default\">\n\t\t\t\t<div class=\"elementor-widget-container\">\n\t\t\t\t\t<div class=\"elementor-image-gallery\">\n\t\t\t<div id='gallery-1' class='gallery galleryid-1853 gallery-columns-4 gallery-size-full'><figure class='gallery-item'>\n\t\t\t<div class='gallery-icon landscape'>\n\t\t\t\t<a data-elementor-open-lightbox=\"yes\" data-elementor-lightbox-slideshow=\"a95a542\" data-elementor-lightbox-title=\"32\" data-e-action-hash=\"#elementor-action%3Aaction%3Dlightbox%26settings%3DeyJpZCI6MjM4MiwidXJsIjoiaHR0cHM6XC9cL2FsdHVyYXZlcnRpY2FsLmNsXC93cC1jb250ZW50XC91cGxvYWRzXC8yMDIzXC8wNlwvMzIuanBnIiwic2xpZGVzaG93IjoiYTk1YTU0MiJ9\" href='https:\/\/alturavertical.cl\/wp-content\/uploads\/2023\/06\/32.jpg'><img fetchpriority=\"high\" decoding=\"async\" width=\"591\" height=\"591\" src=\"https:\/\/alturavertical.cl\/wp-content\/uploads\/2023\/06\/32.jpg\" class=\"attachment-full size-full\" alt=\"\" srcset=\"https:\/\/alturavertical.cl\/wp-content\/uploads\/2023\/06\/32.jpg 591w, https:\/\/alturavertical.cl\/wp-content\/uploads\/2023\/06\/32-300x300.jpg 300w, https:\/\/alturavertical.cl\/wp-content\/uploads\/2023\/06\/32-100x100.jpg 100w, https:\/\/alturavertical.cl\/wp-content\/uploads\/2023\/06\/32-150x150.jpg 150w\" sizes=\"(max-width: 591px) 100vw, 591px\" \/><\/a>\n\t\t\t<\/div><\/figure><figure class='gallery-item'>\n\t\t\t<div class='gallery-icon landscape'>\n\t\t\t\t<a data-elementor-open-lightbox=\"yes\" data-elementor-lightbox-slideshow=\"a95a542\" data-elementor-lightbox-title=\"19\" data-e-action-hash=\"#elementor-action%3Aaction%3Dlightbox%26settings%3DeyJpZCI6MjM4MywidXJsIjoiaHR0cHM6XC9cL2FsdHVyYXZlcnRpY2FsLmNsXC93cC1jb250ZW50XC91cGxvYWRzXC8yMDIzXC8wNlwvMTktMS5qcGciLCJzbGlkZXNob3ciOiJhOTVhNTQyIn0%3D\" href='https:\/\/alturavertical.cl\/wp-content\/uploads\/2023\/06\/19-1.jpg'><img decoding=\"async\" width=\"591\" height=\"591\" src=\"https:\/\/alturavertical.cl\/wp-content\/uploads\/2023\/06\/19-1.jpg\" class=\"attachment-full size-full\" alt=\"\" srcset=\"https:\/\/alturavertical.cl\/wp-content\/uploads\/2023\/06\/19-1.jpg 591w, https:\/\/alturavertical.cl\/wp-content\/uploads\/2023\/06\/19-1-300x300.jpg 300w, https:\/\/alturavertical.cl\/wp-content\/uploads\/2023\/06\/19-1-100x100.jpg 100w, https:\/\/alturavertical.cl\/wp-content\/uploads\/2023\/06\/19-1-150x150.jpg 150w\" sizes=\"(max-width: 591px) 100vw, 591px\" \/><\/a>\n\t\t\t<\/div><\/figure><figure class='gallery-item'>\n\t\t\t<div class='gallery-icon landscape'>\n\t\t\t\t<a data-elementor-open-lightbox=\"yes\" data-elementor-lightbox-slideshow=\"a95a542\" data-elementor-lightbox-title=\"17\" data-e-action-hash=\"#elementor-action%3Aaction%3Dlightbox%26settings%3DeyJpZCI6MjM4NCwidXJsIjoiaHR0cHM6XC9cL2FsdHVyYXZlcnRpY2FsLmNsXC93cC1jb250ZW50XC91cGxvYWRzXC8yMDIzXC8wNlwvMTctMS5qcGciLCJzbGlkZXNob3ciOiJhOTVhNTQyIn0%3D\" href='https:\/\/alturavertical.cl\/wp-content\/uploads\/2023\/06\/17-1.jpg'><img decoding=\"async\" width=\"591\" height=\"591\" src=\"https:\/\/alturavertical.cl\/wp-content\/uploads\/2023\/06\/17-1.jpg\" class=\"attachment-full size-full\" alt=\"\" srcset=\"https:\/\/alturavertical.cl\/wp-content\/uploads\/2023\/06\/17-1.jpg 591w, https:\/\/alturavertical.cl\/wp-content\/uploads\/2023\/06\/17-1-300x300.jpg 300w, https:\/\/alturavertical.cl\/wp-content\/uploads\/2023\/06\/17-1-100x100.jpg 100w, https:\/\/alturavertical.cl\/wp-content\/uploads\/2023\/06\/17-1-150x150.jpg 150w\" sizes=\"(max-width: 591px) 100vw, 591px\" \/><\/a>\n\t\t\t<\/div><\/figure><figure class='gallery-item'>\n\t\t\t<div class='gallery-icon landscape'>\n\t\t\t\t<a data-elementor-open-lightbox=\"yes\" data-elementor-lightbox-slideshow=\"a95a542\" data-elementor-lightbox-title=\"12\" data-e-action-hash=\"#elementor-action%3Aaction%3Dlightbox%26settings%3DeyJpZCI6MjM4NSwidXJsIjoiaHR0cHM6XC9cL2FsdHVyYXZlcnRpY2FsLmNsXC93cC1jb250ZW50XC91cGxvYWRzXC8yMDIzXC8wNlwvMTItMi5qcGciLCJzbGlkZXNob3ciOiJhOTVhNTQyIn0%3D\" href='https:\/\/alturavertical.cl\/wp-content\/uploads\/2023\/06\/12-2.jpg'><img loading=\"lazy\" decoding=\"async\" width=\"591\" height=\"591\" src=\"https:\/\/alturavertical.cl\/wp-content\/uploads\/2023\/06\/12-2.jpg\" class=\"attachment-full size-full\" alt=\"\" srcset=\"https:\/\/alturavertical.cl\/wp-content\/uploads\/2023\/06\/12-2.jpg 591w, https:\/\/alturavertical.cl\/wp-content\/uploads\/2023\/06\/12-2-300x300.jpg 300w, https:\/\/alturavertical.cl\/wp-content\/uploads\/2023\/06\/12-2-100x100.jpg 100w, https:\/\/alturavertical.cl\/wp-content\/uploads\/2023\/06\/12-2-150x150.jpg 150w\" sizes=\"(max-width: 591px) 100vw, 591px\" \/><\/a>\n\t\t\t<\/div><\/figure>\n\t\t<\/div>\n\t\t<\/div>\n\t\t\t\t<\/div>\n\t\t\t\t<\/div>\n\t\t\t\t\t<\/div>\n\t\t<\/div>\n\t\t\t\t\t<\/div>\n\t\t<\/section>\n\t\t\t\t<section class=\"elementor-section elementor-top-section elementor-element elementor-element-0f8f92d elementor-section-boxed elementor-section-height-default elementor-section-height-default\" data-id=\"0f8f92d\" data-element_type=\"section\">\n\t\t\t\t\t\t<div class=\"elementor-container elementor-column-gap-default\">\n\t\t\t\t\t<div class=\"elementor-column elementor-col-100 elementor-top-column elementor-element elementor-element-6b89b84\" data-id=\"6b89b84\" data-element_type=\"column\">\n\t\t\t<div class=\"elementor-widget-wrap elementor-element-populated\">\n\t\t\t\t\t\t<div class=\"elementor-element elementor-element-f94a971 elementor-widget elementor-widget-heading\" data-id=\"f94a971\" data-element_type=\"widget\" data-widget_type=\"heading.default\">\n\t\t\t\t<div class=\"elementor-widget-container\">\n\t\t\t<h2 class=\"elementor-heading-title elementor-size-default\">Soluciones y tratamientos especiales en empresas, industrias y mucho m\u00e1s.\n!Ases\u00f3rate por expertos!<\/h2>\t\t<\/div>\n\t\t\t\t<\/div>\n\t\t\t\t\t<\/div>\n\t\t<\/div>\n\t\t\t\t\t<\/div>\n\t\t<\/section>\n\t\t\t\t<section class=\"elementor-section elementor-top-section elementor-element elementor-element-a6549e8 elementor-section-boxed elementor-section-height-default elementor-section-height-default\" data-id=\"a6549e8\" data-element_type=\"section\">\n\t\t\t\t\t\t<div class=\"elementor-container elementor-column-gap-default\">\n\t\t\t\t\t<div class=\"elementor-column elementor-col-50 elementor-top-column elementor-element elementor-element-27ce9cf elementor-invisible\" data-id=\"27ce9cf\" data-element_type=\"column\" data-settings=\"{&quot;background_background&quot;:&quot;classic&quot;,&quot;animation&quot;:&quot;slideInLeft&quot;}\">\n\t\t\t<div class=\"elementor-widget-wrap elementor-element-populated\">\n\t\t\t\t\t\t<div class=\"elementor-element elementor-element-9397e30 elementor-widget elementor-widget-heading\" data-id=\"9397e30\" data-element_type=\"widget\" data-widget_type=\"heading.default\">\n\t\t\t\t<div class=\"elementor-widget-container\">\n\t\t\t<h2 class=\"elementor-heading-title elementor-size-default\">CONTACTO<\/h2>\t\t<\/div>\n\t\t\t\t<\/div>\n\t\t\t\t<div class=\"elementor-element elementor-element-447fb1e elementor-widget elementor-widget-text-editor\" data-id=\"447fb1e\" data-element_type=\"widget\" data-widget_type=\"text-editor.default\">\n\t\t\t\t<div class=\"elementor-widget-container\">\n\t\t\t\t\t\t\t<p>\u00bfListo para trabajar juntos? \u00a1Construyamos un proyecto!<\/p>\t\t\t\t\t\t<\/div>\n\t\t\t\t<\/div>\n\t\t\t\t<div class=\"elementor-element elementor-element-ead73c7 elementor-widget elementor-widget-wpforms\" data-id=\"ead73c7\" data-element_type=\"widget\" data-widget_type=\"wpforms.default\">\n\t\t\t\t<div class=\"elementor-widget-container\">\n\t\t\t<div class=\"wpforms-container \" id=\"wpforms-6\"><form id=\"wpforms-form-6\" class=\"wpforms-validate wpforms-form wpforms-ajax-form\" data-formid=\"6\" method=\"post\" enctype=\"multipart\/form-data\" action=\"\/index.php\/wp-json\/wp\/v2\/pages\/1853\" data-token=\"2818d5c0746a79dfbab7467b9c92d4ac\" data-token-time=\"1778585100\"><noscript class=\"wpforms-error-noscript\">Por favor, activa JavaScript en tu navegador para completar este formulario.<\/noscript><div class=\"wpforms-field-container\"><div id=\"wpforms-6-field_0-container\" class=\"wpforms-field wpforms-field-name\" data-field-id=\"0\"><label class=\"wpforms-field-label wpforms-label-hide\" for=\"wpforms-6-field_0\">Nombre <span class=\"wpforms-required-label\">*<\/span><\/label><input type=\"text\" id=\"wpforms-6-field_0\" class=\"wpforms-field-large wpforms-field-required\" name=\"wpforms[fields][0]\" placeholder=\"Nombre\" required><\/div><div id=\"wpforms-6-field_1-container\" class=\"wpforms-field wpforms-field-email\" data-field-id=\"1\"><label class=\"wpforms-field-label wpforms-label-hide\" for=\"wpforms-6-field_1\">Email <span class=\"wpforms-required-label\">*<\/span><\/label><input type=\"email\" id=\"wpforms-6-field_1\" class=\"wpforms-field-large wpforms-field-required\" name=\"wpforms[fields][1]\" placeholder=\"Correo electr\u00f3nico\" spellcheck=\"false\" required><\/div><div id=\"wpforms-6-field_3-container\" class=\"wpforms-field wpforms-field-text\" data-field-id=\"3\"><label class=\"wpforms-field-label wpforms-label-hide\" for=\"wpforms-6-field_3\">Asunto<\/label><input type=\"text\" id=\"wpforms-6-field_3\" class=\"wpforms-field-large\" name=\"wpforms[fields][3]\" placeholder=\"Asunto\" ><\/div><div id=\"wpforms-6-field_2-container\" class=\"wpforms-field wpforms-field-textarea\" data-field-id=\"2\"><label class=\"wpforms-field-label wpforms-label-hide\" for=\"wpforms-6-field_2\">Mensaje o comentario <span class=\"wpforms-required-label\">*<\/span><\/label><textarea id=\"wpforms-6-field_2\" class=\"wpforms-field-medium wpforms-field-required\" name=\"wpforms[fields][2]\" placeholder=\"Mensaje\" required><\/textarea><\/div><\/div><!-- .wpforms-field-container --><div class=\"wpforms-submit-container\" ><input type=\"hidden\" name=\"wpforms[id]\" value=\"6\"><input type=\"hidden\" name=\"page_title\" value=\"\"><input type=\"hidden\" name=\"page_url\" value=\"https:\/\/alturavertical.cl\/index.php\/wp-json\/wp\/v2\/pages\/1853\"><button type=\"submit\" name=\"wpforms[submit]\" id=\"wpforms-submit-6\" class=\"wpforms-submit\" data-alt-text=\"Enviando...\" data-submit-text=\"Enviar mensaje\" aria-live=\"assertive\" value=\"wpforms-submit\">Enviar mensaje<\/button><img loading=\"lazy\" decoding=\"async\" src=\"https:\/\/alturavertical.cl\/wp-content\/plugins\/wpforms-lite\/assets\/images\/submit-spin.svg\" class=\"wpforms-submit-spinner\" style=\"display: none;\" width=\"26\" height=\"26\" alt=\"Cargando\"><\/div><\/form><\/div>  <!-- .wpforms-container -->\t\t<\/div>\n\t\t\t\t<\/div>\n\t\t\t\t\t<\/div>\n\t\t<\/div>\n\t\t\t\t<div class=\"elementor-column elementor-col-50 elementor-top-column elementor-element elementor-element-c09c622 elementor-invisible\" data-id=\"c09c622\" data-element_type=\"column\" data-settings=\"{&quot;animation&quot;:&quot;slideInRight&quot;}\">\n\t\t\t<div class=\"elementor-widget-wrap elementor-element-populated\">\n\t\t\t\t\t\t<div class=\"elementor-element elementor-element-5e225d4 elementor-widget elementor-widget-image\" data-id=\"5e225d4\" data-element_type=\"widget\" data-widget_type=\"image.default\">\n\t\t\t\t<div class=\"elementor-widget-container\">\n\t\t\t\t\t\t\t\t\t\t\t\t\t<img loading=\"lazy\" decoding=\"async\" width=\"938\" height=\"457\" src=\"https:\/\/alturavertical.cl\/wp-content\/uploads\/2023\/12\/cropped-LOGO-ALTURA-VERTICAL-ORIGINAL-304x148.png\" class=\"attachment-large size-large wp-image-2895\" alt=\"\" srcset=\"https:\/\/alturavertical.cl\/wp-content\/uploads\/2023\/12\/cropped-LOGO-ALTURA-VERTICAL-ORIGINAL.png 938w, https:\/\/alturavertical.cl\/wp-content\/uploads\/2023\/12\/cropped-LOGO-ALTURA-VERTICAL-ORIGINAL-600x292.png 600w, https:\/\/alturavertical.cl\/wp-content\/uploads\/2023\/12\/cropped-LOGO-ALTURA-VERTICAL-ORIGINAL-300x146.png 300w, https:\/\/alturavertical.cl\/wp-content\/uploads\/2023\/12\/cropped-LOGO-ALTURA-VERTICAL-ORIGINAL-768x374.png 768w, https:\/\/alturavertical.cl\/wp-content\/uploads\/2023\/12\/cropped-LOGO-ALTURA-VERTICAL-ORIGINAL-304x148.png 304w\" sizes=\"(max-width: 938px) 100vw, 938px\" \/>\t\t\t\t\t\t\t\t\t\t\t\t\t<\/div>\n\t\t\t\t<\/div>\n\t\t\t\t<div class=\"elementor-element elementor-element-60bb07f elementor-widget__width-initial elementor-view-default elementor-position-top elementor-mobile-position-top elementor-widget elementor-widget-icon-box\" data-id=\"60bb07f\" data-element_type=\"widget\" data-widget_type=\"icon-box.default\">\n\t\t\t\t<div class=\"elementor-widget-container\">\n\t\t\t\t\t<div class=\"elementor-icon-box-wrapper\">\n\n\t\t\t\t\t\t<div class=\"elementor-icon-box-icon\">\n\t\t\t\t<span  class=\"elementor-icon elementor-animation-\">\n\t\t\t\t<i aria-hidden=\"true\" class=\"fas fa-phone-alt\"><\/i>\t\t\t\t<\/span>\n\t\t\t<\/div>\n\t\t\t\n\t\t\t\t\t\t<div class=\"elementor-icon-box-content\">\n\n\t\t\t\t\t\t\t\t\t<h3 class=\"elementor-icon-box-title\">\n\t\t\t\t\t\t<span  >\n\t\t\t\t\t\t\tTel\u00e9fonos\t\t\t\t\t\t<\/span>\n\t\t\t\t\t<\/h3>\n\t\t\t\t\n\t\t\t\t\t\t\t\t\t<p class=\"elementor-icon-box-description\">\n\t\t\t\t\t\t+569 96959635\t\t\t\t\t<\/p>\n\t\t\t\t\n\t\t\t<\/div>\n\t\t\t\n\t\t<\/div>\n\t\t\t\t<\/div>\n\t\t\t\t<\/div>\n\t\t\t\t<div class=\"elementor-element elementor-element-0429680 elementor-widget__width-initial elementor-view-default elementor-position-top elementor-mobile-position-top elementor-widget elementor-widget-icon-box\" data-id=\"0429680\" data-element_type=\"widget\" data-widget_type=\"icon-box.default\">\n\t\t\t\t<div class=\"elementor-widget-container\">\n\t\t\t\t\t<div class=\"elementor-icon-box-wrapper\">\n\n\t\t\t\t\t\t<div class=\"elementor-icon-box-icon\">\n\t\t\t\t<span  class=\"elementor-icon elementor-animation-\">\n\t\t\t\t<i aria-hidden=\"true\" class=\"fas fa-map-marker-alt\"><\/i>\t\t\t\t<\/span>\n\t\t\t<\/div>\n\t\t\t\n\t\t\t\t\t\t<div class=\"elementor-icon-box-content\">\n\n\t\t\t\t\t\t\t\t\t<h3 class=\"elementor-icon-box-title\">\n\t\t\t\t\t\t<span  >\n\t\t\t\t\t\t\tDirecci\u00f3n\t\t\t\t\t\t<\/span>\n\t\t\t\t\t<\/h3>\n\t\t\t\t\n\t\t\t\t\t\t\t\t\t<p class=\"elementor-icon-box-description\">\n\t\t\t\t\t\tAvenida Eche\u00f1ique, La Reina, Santiago.\t\t\t\t\t<\/p>\n\t\t\t\t\n\t\t\t<\/div>\n\t\t\t\n\t\t<\/div>\n\t\t\t\t<\/div>\n\t\t\t\t<\/div>\n\t\t\t\t<div class=\"elementor-element elementor-element-897b12d elementor-widget__width-initial elementor-view-default elementor-position-top elementor-mobile-position-top elementor-widget elementor-widget-icon-box\" data-id=\"897b12d\" data-element_type=\"widget\" data-widget_type=\"icon-box.default\">\n\t\t\t\t<div class=\"elementor-widget-container\">\n\t\t\t\t\t<div class=\"elementor-icon-box-wrapper\">\n\n\t\t\t\t\t\t<div class=\"elementor-icon-box-icon\">\n\t\t\t\t<span  class=\"elementor-icon elementor-animation-\">\n\t\t\t\t<i aria-hidden=\"true\" class=\"fas fa-mail-bulk\"><\/i>\t\t\t\t<\/span>\n\t\t\t<\/div>\n\t\t\t\n\t\t\t\t\t\t<div class=\"elementor-icon-box-content\">\n\n\t\t\t\t\t\t\t\t\t<h3 class=\"elementor-icon-box-title\">\n\t\t\t\t\t\t<span  >\n\t\t\t\t\t\t\tCorreo\t\t\t\t\t\t<\/span>\n\t\t\t\t\t<\/h3>\n\t\t\t\t\n\t\t\t\t\t\t\t\t\t<p class=\"elementor-icon-box-description\">\n\t\t\t\t\t\tcontacto@alturavertical.cl\t\t\t\t\t<\/p>\n\t\t\t\t\n\t\t\t<\/div>\n\t\t\t\n\t\t<\/div>\n\t\t\t\t<\/div>\n\t\t\t\t<\/div>\n\t\t\t\t\t<\/div>\n\t\t<\/div>\n\t\t\t\t\t<\/div>\n\t\t<\/section>\n\t\t\t\t<section class=\"elementor-section elementor-top-section elementor-element elementor-element-4181f46 elementor-section-boxed elementor-section-height-default elementor-section-height-default\" data-id=\"4181f46\" data-element_type=\"section\">\n\t\t\t\t\t\t<div class=\"elementor-container elementor-column-gap-default\">\n\t\t\t\t\t<div class=\"elementor-column elementor-col-100 elementor-top-column elementor-element elementor-element-b1c0880\" data-id=\"b1c0880\" data-element_type=\"column\">\n\t\t\t<div class=\"elementor-widget-wrap elementor-element-populated\">\n\t\t\t\t\t\t<div class=\"elementor-element elementor-element-6a9e934 elementor-widget elementor-widget-google_maps\" data-id=\"6a9e934\" data-element_type=\"widget\" data-widget_type=\"google_maps.default\">\n\t\t\t\t<div class=\"elementor-widget-container\">\n\t\t\t\t\t<div class=\"elementor-custom-embed\">\n\t\t\t<iframe loading=\"lazy\"\n\t\t\t\t\tsrc=\"https:\/\/maps.google.com\/maps?q=Avenida%20Eche%C3%B1ique%2C%20La%20Reina&#038;t=m&#038;z=10&#038;output=embed&#038;iwloc=near\"\n\t\t\t\t\ttitle=\"Avenida Eche\u00f1ique, La Reina\"\n\t\t\t\t\taria-label=\"Avenida Eche\u00f1ique, La Reina\"\n\t\t\t><\/iframe>\n\t\t<\/div>\n\t\t\t\t<\/div>\n\t\t\t\t<\/div>\n\t\t\t\t\t<\/div>\n\t\t<\/div>\n\t\t\t\t\t<\/div>\n\t\t<\/section>\n\t\t\t\t<\/div>\n\t\t","protected":false},"excerpt":{"rendered":"<p>https:\/\/alturavertical.cl\/wp-content\/uploads\/2023\/06\/VID-20181106-WA0077.mp4 Servicios Si su problema es reparar un detalle que supondr\u00eda un enorme costo en arriendo de andamios, ll\u00e1menos y daremos una soluci\u00f3n r\u00e1pida, econ\u00f3mica, profesional y limpia.No importa si es una gran obra o un detalle en su fachada o cubierta. Debido a nuestros sistemas de trabajo podemos trabajar r\u00e1pida y f\u00e1cilmente en resolvercualquier &hellip;<\/p>\n<p class=\"read-more\"> <a class=\"\" href=\"https:\/\/alturavertical.cl\/index.php\/reparaciones\/\"> <span class=\"screen-reader-text\">Reparaciones<\/span> Leer m\u00e1s &raquo;<\/a><\/p>\n","protected":false},"author":1,"featured_media":0,"parent":0,"menu_order":0,"comment_status":"closed","ping_status":"closed","template":"","meta":{"site-sidebar-layout":"no-sidebar","site-content-layout":"page-builder","ast-global-header-display":"","ast-banner-title-visibility":"","ast-main-header-display":"","ast-hfb-above-header-display":"","ast-hfb-below-header-display":"","ast-hfb-mobile-header-display":"","site-post-title":"disabled","ast-breadcrumbs-content":"","ast-featured-img":"disabled","footer-sml-layout":"","theme-transparent-header-meta":"","adv-header-id-meta":"","stick-header-meta":"","header-above-stick-meta":"","header-main-stick-meta":"","header-below-stick-meta":"","_joinchat":[],"footnotes":""},"class_list":["post-1853","page","type-page","status-publish","hentry"],"_links":{"self":[{"href":"https:\/\/alturavertical.cl\/index.php\/wp-json\/wp\/v2\/pages\/1853"}],"collection":[{"href":"https:\/\/alturavertical.cl\/index.php\/wp-json\/wp\/v2\/pages"}],"about":[{"href":"https:\/\/alturavertical.cl\/index.php\/wp-json\/wp\/v2\/types\/page"}],"author":[{"embeddable":true,"href":"https:\/\/alturavertical.cl\/index.php\/wp-json\/wp\/v2\/users\/1"}],"replies":[{"embeddable":true,"href":"https:\/\/alturavertical.cl\/index.php\/wp-json\/wp\/v2\/comments?post=1853"}],"version-history":[{"count":73,"href":"https:\/\/alturavertical.cl\/index.php\/wp-json\/wp\/v2\/pages\/1853\/revisions"}],"predecessor-version":[{"id":3491,"href":"https:\/\/alturavertical.cl\/index.php\/wp-json\/wp\/v2\/pages\/1853\/revisions\/3491"}],"wp:attachment":[{"href":"https:\/\/alturavertical.cl\/index.php\/wp-json\/wp\/v2\/media?parent=1853"}],"curies":[{"name":"wp","href":"https:\/\/api.w.org\/{rel}","templated":true}]}}