{"id":1835,"date":"2023-06-07T22:45:59","date_gmt":"2023-06-07T22:45:59","guid":{"rendered":"https:\/\/alturavertical.cl\/?page_id=1835"},"modified":"2024-10-29T18:08:22","modified_gmt":"2024-10-29T18:08:22","slug":"pintura-2","status":"publish","type":"page","link":"https:\/\/alturavertical.cl\/index.php\/pintura-2\/","title":{"rendered":"Pintura"},"content":{"rendered":"\t\t<div data-elementor-type=\"wp-page\" data-elementor-id=\"1835\" class=\"elementor elementor-1835\">\n\t\t\t\t\t\t<section class=\"elementor-section elementor-top-section elementor-element elementor-element-054d522 elementor-section-boxed elementor-section-height-default elementor-section-height-default elementor-invisible\" data-id=\"054d522\" data-element_type=\"section\" data-settings=\"{&quot;background_background&quot;:&quot;classic&quot;,&quot;animation&quot;:&quot;fadeIn&quot;}\">\n\t\t\t\t\t\t\t<div class=\"elementor-background-overlay\"><\/div>\n\t\t\t\t\t\t\t<div class=\"elementor-container elementor-column-gap-default\">\n\t\t\t\t\t<div class=\"elementor-column elementor-col-100 elementor-top-column elementor-element elementor-element-d2bf943 elementor-invisible\" data-id=\"d2bf943\" data-element_type=\"column\" data-settings=\"{&quot;animation&quot;:&quot;slideInLeft&quot;,&quot;background_background&quot;:&quot;gradient&quot;}\">\n\t\t\t<div class=\"elementor-widget-wrap\">\n\t\t\t\t\t<div class=\"elementor-background-overlay\"><\/div>\n\t\t\t\t\t\t\t<\/div>\n\t\t<\/div>\n\t\t\t\t\t<\/div>\n\t\t<\/section>\n\t\t\t\t<section class=\"elementor-section elementor-top-section elementor-element elementor-element-fcded00 elementor-section-boxed elementor-section-height-default elementor-section-height-default\" data-id=\"fcded00\" data-element_type=\"section\" data-settings=\"{&quot;background_background&quot;:&quot;classic&quot;}\">\n\t\t\t\t\t\t\t<div class=\"elementor-background-overlay\"><\/div>\n\t\t\t\t\t\t\t<div class=\"elementor-container elementor-column-gap-default\">\n\t\t\t\t\t<div class=\"elementor-column elementor-col-50 elementor-top-column elementor-element elementor-element-ff262bb elementor-invisible\" data-id=\"ff262bb\" data-element_type=\"column\" data-settings=\"{&quot;animation&quot;:&quot;slideInLeft&quot;}\">\n\t\t\t<div class=\"elementor-widget-wrap elementor-element-populated\">\n\t\t\t\t\t\t<div class=\"elementor-element elementor-element-a604df4 elementor-widget elementor-widget-image\" data-id=\"a604df4\" data-element_type=\"widget\" data-widget_type=\"image.default\">\n\t\t\t\t<div class=\"elementor-widget-container\">\n\t\t\t\t\t\t\t\t\t\t\t\t\t<img fetchpriority=\"high\" decoding=\"async\" width=\"1182\" height=\"2048\" src=\"https:\/\/alturavertical.cl\/wp-content\/uploads\/2024\/01\/foto-pintura-vertical-1182x2048.png\" class=\"attachment-2048x2048 size-2048x2048 wp-image-3092\" alt=\"\" srcset=\"https:\/\/alturavertical.cl\/wp-content\/uploads\/2024\/01\/foto-pintura-vertical-1182x2048.png 1182w, https:\/\/alturavertical.cl\/wp-content\/uploads\/2024\/01\/foto-pintura-vertical-600x1039.png 600w, https:\/\/alturavertical.cl\/wp-content\/uploads\/2024\/01\/foto-pintura-vertical-173x300.png 173w, https:\/\/alturavertical.cl\/wp-content\/uploads\/2024\/01\/foto-pintura-vertical-591x1024.png 591w, https:\/\/alturavertical.cl\/wp-content\/uploads\/2024\/01\/foto-pintura-vertical-768x1330.png 768w, https:\/\/alturavertical.cl\/wp-content\/uploads\/2024\/01\/foto-pintura-vertical-887x1536.png 887w, https:\/\/alturavertical.cl\/wp-content\/uploads\/2024\/01\/foto-pintura-vertical.png 1299w\" sizes=\"(max-width: 1182px) 100vw, 1182px\" \/>\t\t\t\t\t\t\t\t\t\t\t\t\t<\/div>\n\t\t\t\t<\/div>\n\t\t\t\t\t<\/div>\n\t\t<\/div>\n\t\t\t\t<div class=\"elementor-column elementor-col-50 elementor-top-column elementor-element elementor-element-3df55cc elementor-invisible\" data-id=\"3df55cc\" data-element_type=\"column\" data-settings=\"{&quot;background_background&quot;:&quot;classic&quot;,&quot;animation&quot;:&quot;slideInRight&quot;}\">\n\t\t\t<div class=\"elementor-widget-wrap elementor-element-populated\">\n\t\t\t\t\t\t<div class=\"elementor-element elementor-element-5b383d7 elementor-widget elementor-widget-heading\" data-id=\"5b383d7\" data-element_type=\"widget\" data-widget_type=\"heading.default\">\n\t\t\t\t<div class=\"elementor-widget-container\">\n\t\t\t<h4 class=\"elementor-heading-title elementor-size-default\">Servicios<\/h4>\t\t<\/div>\n\t\t\t\t<\/div>\n\t\t\t\t<div class=\"elementor-element elementor-element-6e77149 elementor-widget elementor-widget-text-editor\" data-id=\"6e77149\" data-element_type=\"widget\" data-widget_type=\"text-editor.default\">\n\t\t\t\t<div class=\"elementor-widget-container\">\n\t\t\t\t\t\t\t<p>Contamos con personal calificado para pintar integra o parcialmente su fachada, utilizando las m\u00e1s modernas t\u00e9cnicas de escalada adaptadas al \u00e1mbito de la construcci\u00f3n y sus servicios asociados.<\/p><p>No hay lugares inaccesibles para nosotros, podemos acceder directamente a cualquier superficie de sus fachadas.<\/p><p>Nuestros tiempos de trabajo son inmensamente inferiores a los de sistemas tradicionales. Limpio y r\u00e1pido.<\/p><p>Solicite su presupuesto gratuito y sin compromiso.<\/p>\t\t\t\t\t\t<\/div>\n\t\t\t\t<\/div>\n\t\t\t\t\t<\/div>\n\t\t<\/div>\n\t\t\t\t\t<\/div>\n\t\t<\/section>\n\t\t\t\t<section class=\"elementor-section elementor-top-section elementor-element elementor-element-362e79e elementor-section-boxed elementor-section-height-default elementor-section-height-default\" data-id=\"362e79e\" data-element_type=\"section\">\n\t\t\t\t\t\t<div class=\"elementor-container elementor-column-gap-default\">\n\t\t\t\t\t<div class=\"elementor-column elementor-col-100 elementor-top-column elementor-element elementor-element-a8a0033\" data-id=\"a8a0033\" data-element_type=\"column\">\n\t\t\t<div class=\"elementor-widget-wrap elementor-element-populated\">\n\t\t\t\t\t\t<div class=\"elementor-element elementor-element-6785c1b elementor-widget elementor-widget-heading\" data-id=\"6785c1b\" data-element_type=\"widget\" data-widget_type=\"heading.default\">\n\t\t\t\t<div class=\"elementor-widget-container\">\n\t\t\t<h1 class=\"elementor-heading-title elementor-size-default\">Algunos de nuestros trabajos<\/h1>\t\t<\/div>\n\t\t\t\t<\/div>\n\t\t\t\t\t<\/div>\n\t\t<\/div>\n\t\t\t\t\t<\/div>\n\t\t<\/section>\n\t\t\t\t<section class=\"elementor-section elementor-top-section elementor-element elementor-element-ee1f25e elementor-section-boxed elementor-section-height-default elementor-section-height-default\" data-id=\"ee1f25e\" data-element_type=\"section\" data-settings=\"{&quot;animation&quot;:&quot;none&quot;}\">\n\t\t\t\t\t\t<div class=\"elementor-container elementor-column-gap-default\">\n\t\t\t\t\t<div class=\"elementor-column elementor-col-100 elementor-top-column elementor-element elementor-element-3fdc167\" data-id=\"3fdc167\" data-element_type=\"column\">\n\t\t\t<div class=\"elementor-widget-wrap elementor-element-populated\">\n\t\t\t\t\t\t<div class=\"elementor-element elementor-element-4c1dab8 gallery-spacing-custom elementor-widget elementor-widget-image-gallery\" data-id=\"4c1dab8\" data-element_type=\"widget\" data-settings=\"{&quot;_animation&quot;:&quot;none&quot;}\" data-widget_type=\"image-gallery.default\">\n\t\t\t\t<div class=\"elementor-widget-container\">\n\t\t\t\t\t<div class=\"elementor-image-gallery\">\n\t\t\t<div id='gallery-1' class='gallery galleryid-1835 gallery-columns-4 gallery-size-full'><figure class='gallery-item'>\n\t\t\t<div class='gallery-icon landscape'>\n\t\t\t\t<a data-elementor-open-lightbox=\"yes\" data-elementor-lightbox-slideshow=\"4c1dab8\" data-elementor-lightbox-title=\"07\" data-e-action-hash=\"#elementor-action%3Aaction%3Dlightbox%26settings%3DeyJpZCI6MjM2NCwidXJsIjoiaHR0cHM6XC9cL2FsdHVyYXZlcnRpY2FsLmNsXC93cC1jb250ZW50XC91cGxvYWRzXC8yMDIzXC8wNlwvMDctMS5qcGciLCJzbGlkZXNob3ciOiI0YzFkYWI4In0%3D\" href='https:\/\/alturavertical.cl\/wp-content\/uploads\/2023\/06\/07-1.jpg'><img decoding=\"async\" width=\"591\" height=\"591\" src=\"https:\/\/alturavertical.cl\/wp-content\/uploads\/2023\/06\/07-1.jpg\" class=\"attachment-full size-full\" alt=\"\" srcset=\"https:\/\/alturavertical.cl\/wp-content\/uploads\/2023\/06\/07-1.jpg 591w, https:\/\/alturavertical.cl\/wp-content\/uploads\/2023\/06\/07-1-300x300.jpg 300w, https:\/\/alturavertical.cl\/wp-content\/uploads\/2023\/06\/07-1-100x100.jpg 100w, https:\/\/alturavertical.cl\/wp-content\/uploads\/2023\/06\/07-1-150x150.jpg 150w\" sizes=\"(max-width: 591px) 100vw, 591px\" \/><\/a>\n\t\t\t<\/div><\/figure><figure class='gallery-item'>\n\t\t\t<div class='gallery-icon landscape'>\n\t\t\t\t<a data-elementor-open-lightbox=\"yes\" data-elementor-lightbox-slideshow=\"4c1dab8\" data-elementor-lightbox-title=\"08\" data-e-action-hash=\"#elementor-action%3Aaction%3Dlightbox%26settings%3DeyJpZCI6MjM2NSwidXJsIjoiaHR0cHM6XC9cL2FsdHVyYXZlcnRpY2FsLmNsXC93cC1jb250ZW50XC91cGxvYWRzXC8yMDIzXC8wNlwvMDgtMS5qcGciLCJzbGlkZXNob3ciOiI0YzFkYWI4In0%3D\" href='https:\/\/alturavertical.cl\/wp-content\/uploads\/2023\/06\/08-1.jpg'><img decoding=\"async\" width=\"591\" height=\"591\" src=\"https:\/\/alturavertical.cl\/wp-content\/uploads\/2023\/06\/08-1.jpg\" class=\"attachment-full size-full\" alt=\"\" srcset=\"https:\/\/alturavertical.cl\/wp-content\/uploads\/2023\/06\/08-1.jpg 591w, https:\/\/alturavertical.cl\/wp-content\/uploads\/2023\/06\/08-1-300x300.jpg 300w, https:\/\/alturavertical.cl\/wp-content\/uploads\/2023\/06\/08-1-100x100.jpg 100w, https:\/\/alturavertical.cl\/wp-content\/uploads\/2023\/06\/08-1-150x150.jpg 150w\" sizes=\"(max-width: 591px) 100vw, 591px\" \/><\/a>\n\t\t\t<\/div><\/figure><figure class='gallery-item'>\n\t\t\t<div class='gallery-icon landscape'>\n\t\t\t\t<a data-elementor-open-lightbox=\"yes\" data-elementor-lightbox-slideshow=\"4c1dab8\" data-elementor-lightbox-title=\"12\" data-e-action-hash=\"#elementor-action%3Aaction%3Dlightbox%26settings%3DeyJpZCI6MjM2OSwidXJsIjoiaHR0cHM6XC9cL2FsdHVyYXZlcnRpY2FsLmNsXC93cC1jb250ZW50XC91cGxvYWRzXC8yMDIzXC8wNlwvMTItMS5qcGciLCJzbGlkZXNob3ciOiI0YzFkYWI4In0%3D\" href='https:\/\/alturavertical.cl\/wp-content\/uploads\/2023\/06\/12-1.jpg'><img loading=\"lazy\" decoding=\"async\" width=\"591\" height=\"591\" src=\"https:\/\/alturavertical.cl\/wp-content\/uploads\/2023\/06\/12-1.jpg\" class=\"attachment-full size-full\" alt=\"\" srcset=\"https:\/\/alturavertical.cl\/wp-content\/uploads\/2023\/06\/12-1.jpg 591w, https:\/\/alturavertical.cl\/wp-content\/uploads\/2023\/06\/12-1-300x300.jpg 300w, https:\/\/alturavertical.cl\/wp-content\/uploads\/2023\/06\/12-1-100x100.jpg 100w, https:\/\/alturavertical.cl\/wp-content\/uploads\/2023\/06\/12-1-150x150.jpg 150w\" sizes=\"(max-width: 591px) 100vw, 591px\" \/><\/a>\n\t\t\t<\/div><\/figure><figure class='gallery-item'>\n\t\t\t<div class='gallery-icon landscape'>\n\t\t\t\t<a data-elementor-open-lightbox=\"yes\" data-elementor-lightbox-slideshow=\"4c1dab8\" data-elementor-lightbox-title=\"13\" data-e-action-hash=\"#elementor-action%3Aaction%3Dlightbox%26settings%3DeyJpZCI6MjM3MCwidXJsIjoiaHR0cHM6XC9cL2FsdHVyYXZlcnRpY2FsLmNsXC93cC1jb250ZW50XC91cGxvYWRzXC8yMDIzXC8wNlwvMTMuanBnIiwic2xpZGVzaG93IjoiNGMxZGFiOCJ9\" href='https:\/\/alturavertical.cl\/wp-content\/uploads\/2023\/06\/13.jpg'><img loading=\"lazy\" decoding=\"async\" width=\"591\" height=\"591\" src=\"https:\/\/alturavertical.cl\/wp-content\/uploads\/2023\/06\/13.jpg\" class=\"attachment-full size-full\" alt=\"\" srcset=\"https:\/\/alturavertical.cl\/wp-content\/uploads\/2023\/06\/13.jpg 591w, https:\/\/alturavertical.cl\/wp-content\/uploads\/2023\/06\/13-300x300.jpg 300w, https:\/\/alturavertical.cl\/wp-content\/uploads\/2023\/06\/13-100x100.jpg 100w, https:\/\/alturavertical.cl\/wp-content\/uploads\/2023\/06\/13-150x150.jpg 150w\" sizes=\"(max-width: 591px) 100vw, 591px\" \/><\/a>\n\t\t\t<\/div><\/figure>\n\t\t<\/div>\n\t\t<\/div>\n\t\t\t\t<\/div>\n\t\t\t\t<\/div>\n\t\t\t\t\t<\/div>\n\t\t<\/div>\n\t\t\t\t\t<\/div>\n\t\t<\/section>\n\t\t\t\t<section class=\"elementor-section elementor-top-section elementor-element elementor-element-30fb06c elementor-section-boxed elementor-section-height-default elementor-section-height-default\" data-id=\"30fb06c\" data-element_type=\"section\">\n\t\t\t\t\t\t<div class=\"elementor-container elementor-column-gap-default\">\n\t\t\t\t\t<div class=\"elementor-column elementor-col-100 elementor-top-column elementor-element elementor-element-1468a97\" data-id=\"1468a97\" data-element_type=\"column\">\n\t\t\t<div class=\"elementor-widget-wrap elementor-element-populated\">\n\t\t\t\t\t\t<div class=\"elementor-element elementor-element-382781a elementor-widget elementor-widget-heading\" data-id=\"382781a\" data-element_type=\"widget\" data-widget_type=\"heading.default\">\n\t\t\t\t<div class=\"elementor-widget-container\">\n\t\t\t<h2 class=\"elementor-heading-title elementor-size-default\">Soluciones y tratamientos especiales en empresas, industrias y mucho m\u00e1s.\n!Ases\u00f3rate por expertos!<\/h2>\t\t<\/div>\n\t\t\t\t<\/div>\n\t\t\t\t\t<\/div>\n\t\t<\/div>\n\t\t\t\t\t<\/div>\n\t\t<\/section>\n\t\t\t\t<section class=\"elementor-section elementor-top-section elementor-element elementor-element-b01e620 elementor-section-boxed elementor-section-height-default elementor-section-height-default\" data-id=\"b01e620\" data-element_type=\"section\">\n\t\t\t\t\t\t<div class=\"elementor-container elementor-column-gap-default\">\n\t\t\t\t\t<div class=\"elementor-column elementor-col-50 elementor-top-column elementor-element elementor-element-cac8804 elementor-invisible\" data-id=\"cac8804\" data-element_type=\"column\" data-settings=\"{&quot;background_background&quot;:&quot;classic&quot;,&quot;animation&quot;:&quot;slideInLeft&quot;}\">\n\t\t\t<div class=\"elementor-widget-wrap elementor-element-populated\">\n\t\t\t\t\t\t<div class=\"elementor-element elementor-element-9bb9a0f elementor-widget elementor-widget-heading\" data-id=\"9bb9a0f\" data-element_type=\"widget\" data-widget_type=\"heading.default\">\n\t\t\t\t<div class=\"elementor-widget-container\">\n\t\t\t<h2 class=\"elementor-heading-title elementor-size-default\">CONTACTO<\/h2>\t\t<\/div>\n\t\t\t\t<\/div>\n\t\t\t\t<div class=\"elementor-element elementor-element-379b8fe elementor-widget elementor-widget-text-editor\" data-id=\"379b8fe\" data-element_type=\"widget\" data-widget_type=\"text-editor.default\">\n\t\t\t\t<div class=\"elementor-widget-container\">\n\t\t\t\t\t\t\t<p>\u00bfListo para trabajar juntos? \u00a1Construyamos un proyecto!<\/p>\t\t\t\t\t\t<\/div>\n\t\t\t\t<\/div>\n\t\t\t\t<div class=\"elementor-element elementor-element-64e4401 elementor-widget elementor-widget-wpforms\" data-id=\"64e4401\" data-element_type=\"widget\" data-widget_type=\"wpforms.default\">\n\t\t\t\t<div class=\"elementor-widget-container\">\n\t\t\t<div class=\"wpforms-container \" id=\"wpforms-6\"><form id=\"wpforms-form-6\" class=\"wpforms-validate wpforms-form wpforms-ajax-form\" data-formid=\"6\" method=\"post\" enctype=\"multipart\/form-data\" action=\"\/index.php\/wp-json\/wp\/v2\/pages\/1835\" data-token=\"2818d5c0746a79dfbab7467b9c92d4ac\" data-token-time=\"1778585100\"><noscript class=\"wpforms-error-noscript\">Por favor, activa JavaScript en tu navegador para completar este formulario.<\/noscript><div class=\"wpforms-field-container\"><div id=\"wpforms-6-field_0-container\" class=\"wpforms-field wpforms-field-name\" data-field-id=\"0\"><label class=\"wpforms-field-label wpforms-label-hide\" for=\"wpforms-6-field_0\">Nombre <span class=\"wpforms-required-label\">*<\/span><\/label><input type=\"text\" id=\"wpforms-6-field_0\" class=\"wpforms-field-large wpforms-field-required\" name=\"wpforms[fields][0]\" placeholder=\"Nombre\" required><\/div><div id=\"wpforms-6-field_1-container\" class=\"wpforms-field wpforms-field-email\" data-field-id=\"1\"><label class=\"wpforms-field-label wpforms-label-hide\" for=\"wpforms-6-field_1\">Email <span class=\"wpforms-required-label\">*<\/span><\/label><input type=\"email\" id=\"wpforms-6-field_1\" class=\"wpforms-field-large wpforms-field-required\" name=\"wpforms[fields][1]\" placeholder=\"Correo electr\u00f3nico\" spellcheck=\"false\" required><\/div><div id=\"wpforms-6-field_3-container\" class=\"wpforms-field wpforms-field-text\" data-field-id=\"3\"><label class=\"wpforms-field-label wpforms-label-hide\" for=\"wpforms-6-field_3\">Asunto<\/label><input type=\"text\" id=\"wpforms-6-field_3\" class=\"wpforms-field-large\" name=\"wpforms[fields][3]\" placeholder=\"Asunto\" ><\/div><div id=\"wpforms-6-field_2-container\" class=\"wpforms-field wpforms-field-textarea\" data-field-id=\"2\"><label class=\"wpforms-field-label wpforms-label-hide\" for=\"wpforms-6-field_2\">Mensaje o comentario <span class=\"wpforms-required-label\">*<\/span><\/label><textarea id=\"wpforms-6-field_2\" class=\"wpforms-field-medium wpforms-field-required\" name=\"wpforms[fields][2]\" placeholder=\"Mensaje\" required><\/textarea><\/div><\/div><!-- .wpforms-field-container --><div class=\"wpforms-submit-container\" ><input type=\"hidden\" name=\"wpforms[id]\" value=\"6\"><input type=\"hidden\" name=\"page_title\" value=\"\"><input type=\"hidden\" name=\"page_url\" value=\"https:\/\/alturavertical.cl\/index.php\/wp-json\/wp\/v2\/pages\/1835\"><button type=\"submit\" name=\"wpforms[submit]\" id=\"wpforms-submit-6\" class=\"wpforms-submit\" data-alt-text=\"Enviando...\" data-submit-text=\"Enviar mensaje\" aria-live=\"assertive\" value=\"wpforms-submit\">Enviar mensaje<\/button><img loading=\"lazy\" decoding=\"async\" src=\"https:\/\/alturavertical.cl\/wp-content\/plugins\/wpforms-lite\/assets\/images\/submit-spin.svg\" class=\"wpforms-submit-spinner\" style=\"display: none;\" width=\"26\" height=\"26\" alt=\"Cargando\"><\/div><\/form><\/div>  <!-- .wpforms-container -->\t\t<\/div>\n\t\t\t\t<\/div>\n\t\t\t\t\t<\/div>\n\t\t<\/div>\n\t\t\t\t<div class=\"elementor-column elementor-col-50 elementor-top-column elementor-element elementor-element-eb0b3b4 elementor-invisible\" data-id=\"eb0b3b4\" data-element_type=\"column\" data-settings=\"{&quot;animation&quot;:&quot;slideInRight&quot;}\">\n\t\t\t<div class=\"elementor-widget-wrap elementor-element-populated\">\n\t\t\t\t\t\t<div class=\"elementor-element elementor-element-da0cd1e elementor-widget elementor-widget-image\" data-id=\"da0cd1e\" data-element_type=\"widget\" data-widget_type=\"image.default\">\n\t\t\t\t<div class=\"elementor-widget-container\">\n\t\t\t\t\t\t\t\t\t\t\t\t\t<img loading=\"lazy\" decoding=\"async\" width=\"938\" height=\"457\" src=\"https:\/\/alturavertical.cl\/wp-content\/uploads\/2023\/12\/cropped-LOGO-ALTURA-VERTICAL-ORIGINAL-304x148.png\" class=\"attachment-large size-large wp-image-2895\" alt=\"\" srcset=\"https:\/\/alturavertical.cl\/wp-content\/uploads\/2023\/12\/cropped-LOGO-ALTURA-VERTICAL-ORIGINAL.png 938w, https:\/\/alturavertical.cl\/wp-content\/uploads\/2023\/12\/cropped-LOGO-ALTURA-VERTICAL-ORIGINAL-600x292.png 600w, https:\/\/alturavertical.cl\/wp-content\/uploads\/2023\/12\/cropped-LOGO-ALTURA-VERTICAL-ORIGINAL-300x146.png 300w, https:\/\/alturavertical.cl\/wp-content\/uploads\/2023\/12\/cropped-LOGO-ALTURA-VERTICAL-ORIGINAL-768x374.png 768w, https:\/\/alturavertical.cl\/wp-content\/uploads\/2023\/12\/cropped-LOGO-ALTURA-VERTICAL-ORIGINAL-304x148.png 304w\" sizes=\"(max-width: 938px) 100vw, 938px\" \/>\t\t\t\t\t\t\t\t\t\t\t\t\t<\/div>\n\t\t\t\t<\/div>\n\t\t\t\t<div class=\"elementor-element elementor-element-fcf5be2 elementor-widget__width-initial elementor-view-default elementor-position-top elementor-mobile-position-top elementor-widget elementor-widget-icon-box\" data-id=\"fcf5be2\" data-element_type=\"widget\" data-widget_type=\"icon-box.default\">\n\t\t\t\t<div class=\"elementor-widget-container\">\n\t\t\t\t\t<div class=\"elementor-icon-box-wrapper\">\n\n\t\t\t\t\t\t<div class=\"elementor-icon-box-icon\">\n\t\t\t\t<span  class=\"elementor-icon elementor-animation-\">\n\t\t\t\t<i aria-hidden=\"true\" class=\"fas fa-phone-alt\"><\/i>\t\t\t\t<\/span>\n\t\t\t<\/div>\n\t\t\t\n\t\t\t\t\t\t<div class=\"elementor-icon-box-content\">\n\n\t\t\t\t\t\t\t\t\t<h3 class=\"elementor-icon-box-title\">\n\t\t\t\t\t\t<span  >\n\t\t\t\t\t\t\tTel\u00e9fonos\t\t\t\t\t\t<\/span>\n\t\t\t\t\t<\/h3>\n\t\t\t\t\n\t\t\t\t\t\t\t\t\t<p class=\"elementor-icon-box-description\">\n\t\t\t\t\t\t+569 96959635\t\t\t\t\t<\/p>\n\t\t\t\t\n\t\t\t<\/div>\n\t\t\t\n\t\t<\/div>\n\t\t\t\t<\/div>\n\t\t\t\t<\/div>\n\t\t\t\t<div class=\"elementor-element elementor-element-36afc93 elementor-widget__width-initial elementor-view-default elementor-position-top elementor-mobile-position-top elementor-widget elementor-widget-icon-box\" data-id=\"36afc93\" data-element_type=\"widget\" data-widget_type=\"icon-box.default\">\n\t\t\t\t<div class=\"elementor-widget-container\">\n\t\t\t\t\t<div class=\"elementor-icon-box-wrapper\">\n\n\t\t\t\t\t\t<div class=\"elementor-icon-box-icon\">\n\t\t\t\t<span  class=\"elementor-icon elementor-animation-\">\n\t\t\t\t<i aria-hidden=\"true\" class=\"fas fa-map-marker-alt\"><\/i>\t\t\t\t<\/span>\n\t\t\t<\/div>\n\t\t\t\n\t\t\t\t\t\t<div class=\"elementor-icon-box-content\">\n\n\t\t\t\t\t\t\t\t\t<h3 class=\"elementor-icon-box-title\">\n\t\t\t\t\t\t<span  >\n\t\t\t\t\t\t\tDirecci\u00f3n\t\t\t\t\t\t<\/span>\n\t\t\t\t\t<\/h3>\n\t\t\t\t\n\t\t\t\t\t\t\t\t\t<p class=\"elementor-icon-box-description\">\n\t\t\t\t\t\tAvenida Eche\u00f1ique, La Reina, Santiago.\t\t\t\t\t<\/p>\n\t\t\t\t\n\t\t\t<\/div>\n\t\t\t\n\t\t<\/div>\n\t\t\t\t<\/div>\n\t\t\t\t<\/div>\n\t\t\t\t<div class=\"elementor-element elementor-element-b09d472 elementor-widget__width-initial elementor-view-default elementor-position-top elementor-mobile-position-top elementor-widget elementor-widget-icon-box\" data-id=\"b09d472\" data-element_type=\"widget\" data-widget_type=\"icon-box.default\">\n\t\t\t\t<div class=\"elementor-widget-container\">\n\t\t\t\t\t<div class=\"elementor-icon-box-wrapper\">\n\n\t\t\t\t\t\t<div class=\"elementor-icon-box-icon\">\n\t\t\t\t<span  class=\"elementor-icon elementor-animation-\">\n\t\t\t\t<i aria-hidden=\"true\" class=\"fas fa-mail-bulk\"><\/i>\t\t\t\t<\/span>\n\t\t\t<\/div>\n\t\t\t\n\t\t\t\t\t\t<div class=\"elementor-icon-box-content\">\n\n\t\t\t\t\t\t\t\t\t<h3 class=\"elementor-icon-box-title\">\n\t\t\t\t\t\t<span  >\n\t\t\t\t\t\t\tCorreo\t\t\t\t\t\t<\/span>\n\t\t\t\t\t<\/h3>\n\t\t\t\t\n\t\t\t\t\t\t\t\t\t<p class=\"elementor-icon-box-description\">\n\t\t\t\t\t\tcontacto@alturavertical.cl\t\t\t\t\t<\/p>\n\t\t\t\t\n\t\t\t<\/div>\n\t\t\t\n\t\t<\/div>\n\t\t\t\t<\/div>\n\t\t\t\t<\/div>\n\t\t\t\t\t<\/div>\n\t\t<\/div>\n\t\t\t\t\t<\/div>\n\t\t<\/section>\n\t\t\t\t<section class=\"elementor-section elementor-top-section elementor-element elementor-element-6d6527a elementor-section-boxed elementor-section-height-default elementor-section-height-default\" data-id=\"6d6527a\" data-element_type=\"section\">\n\t\t\t\t\t\t<div class=\"elementor-container elementor-column-gap-default\">\n\t\t\t\t\t<div class=\"elementor-column elementor-col-100 elementor-top-column elementor-element elementor-element-99ab87b\" data-id=\"99ab87b\" data-element_type=\"column\">\n\t\t\t<div class=\"elementor-widget-wrap elementor-element-populated\">\n\t\t\t\t\t\t<div class=\"elementor-element elementor-element-5a2b70c elementor-widget elementor-widget-google_maps\" data-id=\"5a2b70c\" data-element_type=\"widget\" data-widget_type=\"google_maps.default\">\n\t\t\t\t<div class=\"elementor-widget-container\">\n\t\t\t\t\t<div class=\"elementor-custom-embed\">\n\t\t\t<iframe loading=\"lazy\"\n\t\t\t\t\tsrc=\"https:\/\/maps.google.com\/maps?q=Avenida%20Eche%C3%B1ique%2C%20La%20Reina&#038;t=m&#038;z=10&#038;output=embed&#038;iwloc=near\"\n\t\t\t\t\ttitle=\"Avenida Eche\u00f1ique, La Reina\"\n\t\t\t\t\taria-label=\"Avenida Eche\u00f1ique, La Reina\"\n\t\t\t><\/iframe>\n\t\t<\/div>\n\t\t\t\t<\/div>\n\t\t\t\t<\/div>\n\t\t\t\t\t<\/div>\n\t\t<\/div>\n\t\t\t\t\t<\/div>\n\t\t<\/section>\n\t\t\t\t<\/div>\n\t\t","protected":false},"excerpt":{"rendered":"<p>Servicios Contamos con personal calificado para pintar integra o parcialmente su fachada, utilizando las m\u00e1s modernas t\u00e9cnicas de escalada adaptadas al \u00e1mbito de la construcci\u00f3n y sus servicios asociados. No hay lugares inaccesibles para nosotros, podemos acceder directamente a cualquier superficie de sus fachadas. Nuestros tiempos de trabajo son inmensamente inferiores a los de sistemas &hellip;<\/p>\n<p class=\"read-more\"> <a class=\"\" href=\"https:\/\/alturavertical.cl\/index.php\/pintura-2\/\"> <span class=\"screen-reader-text\">Pintura<\/span> Leer m\u00e1s &raquo;<\/a><\/p>\n","protected":false},"author":1,"featured_media":0,"parent":0,"menu_order":0,"comment_status":"closed","ping_status":"closed","template":"","meta":{"site-sidebar-layout":"no-sidebar","site-content-layout":"page-builder","ast-global-header-display":"","ast-banner-title-visibility":"","ast-main-header-display":"","ast-hfb-above-header-display":"","ast-hfb-below-header-display":"","ast-hfb-mobile-header-display":"","site-post-title":"disabled","ast-breadcrumbs-content":"","ast-featured-img":"disabled","footer-sml-layout":"","theme-transparent-header-meta":"","adv-header-id-meta":"","stick-header-meta":"","header-above-stick-meta":"","header-main-stick-meta":"","header-below-stick-meta":"","_joinchat":[],"footnotes":""},"class_list":["post-1835","page","type-page","status-publish","hentry"],"_links":{"self":[{"href":"https:\/\/alturavertical.cl\/index.php\/wp-json\/wp\/v2\/pages\/1835"}],"collection":[{"href":"https:\/\/alturavertical.cl\/index.php\/wp-json\/wp\/v2\/pages"}],"about":[{"href":"https:\/\/alturavertical.cl\/index.php\/wp-json\/wp\/v2\/types\/page"}],"author":[{"embeddable":true,"href":"https:\/\/alturavertical.cl\/index.php\/wp-json\/wp\/v2\/users\/1"}],"replies":[{"embeddable":true,"href":"https:\/\/alturavertical.cl\/index.php\/wp-json\/wp\/v2\/comments?post=1835"}],"version-history":[{"count":95,"href":"https:\/\/alturavertical.cl\/index.php\/wp-json\/wp\/v2\/pages\/1835\/revisions"}],"predecessor-version":[{"id":3486,"href":"https:\/\/alturavertical.cl\/index.php\/wp-json\/wp\/v2\/pages\/1835\/revisions\/3486"}],"wp:attachment":[{"href":"https:\/\/alturavertical.cl\/index.php\/wp-json\/wp\/v2\/media?parent=1835"}],"curies":[{"name":"wp","href":"https:\/\/api.w.org\/{rel}","templated":true}]}}